{"id":88999,"date":"2024-12-17T08:44:06","date_gmt":"2024-12-17T08:44:06","guid":{"rendered":"https:\/\/deltakimya.com.tr\/?page_id=88999"},"modified":"2024-12-18T13:40:56","modified_gmt":"2024-12-18T13:40:56","slug":"delta-green","status":"publish","type":"page","link":"https:\/\/deltakimya.com.tr\/ru\/delta-green\/","title":{"rendered":"Delta GREEN"},"content":{"rendered":"<div data-elementor-type=\"wp-page\" data-elementor-id=\"88999\" class=\"elementor elementor-88999\">\n\t\t\t\t<div class=\"elementor-element elementor-element-01d502a e-flex e-con-boxed e-con e-parent\" data-id=\"01d502a\" data-element_type=\"container\">\n\t\t\t\t\t<div class=\"e-con-inner\">\n\t\t\t\t\t<\/div>\n\t\t\t\t<\/div>\n\t\t\t\t<section class=\"elementor-section elementor-top-section elementor-element elementor-element-ca77464 elementor-section-height-min-height elementor-section-items-stretch elementor-section-boxed elementor-section-height-default\" data-id=\"ca77464\" data-element_type=\"section\">\n\t\t\t\t\t\t<div class=\"elementor-container elementor-column-gap-wide\">\n\t\t\t\t\t<div class=\"elementor-column elementor-col-100 elementor-top-column elementor-element elementor-element-215dd5f\" data-id=\"215dd5f\" data-element_type=\"column\">\n\t\t\t<div class=\"elementor-widget-wrap elementor-element-populated\">\n\t\t\t\t\t\t<div class=\"elementor-element elementor-element-0b1f9fc elementor-widget elementor-widget-heading\" data-id=\"0b1f9fc\" data-element_type=\"widget\" data-widget_type=\"heading.default\">\n\t\t\t\t<div class=\"elementor-widget-container\">\n\t\t\t<h4 class=\"elementor-heading-title elementor-size-default\">Delta Kimya\u2019n\u0131n \u00c7evresel Duyarl\u0131l\u0131\u011f\u0131 ve S\u00fcrd\u00fcr\u00fclebilirlik Vizyonu<\/h4>\t\t<\/div>\n\t\t\t\t<\/div>\n\t\t\t\t<div class=\"elementor-element elementor-element-ae559b0 elementor-widget elementor-widget-spacer\" data-id=\"ae559b0\" data-element_type=\"widget\" data-widget_type=\"spacer.default\">\n\t\t\t\t<div class=\"elementor-widget-container\">\n\t\t\t\t\t<div class=\"elementor-spacer\">\n\t\t\t<div class=\"elementor-spacer-inner\"><\/div>\n\t\t<\/div>\n\t\t\t\t<\/div>\n\t\t\t\t<\/div>\n\t\t\t\t<div class=\"elementor-element elementor-element-14b6896 elementor-widget elementor-widget-text-editor\" data-id=\"14b6896\" data-element_type=\"widget\" data-widget_type=\"text-editor.default\">\n\t\t\t\t<div class=\"elementor-widget-container\">\n\t\t\t\t\t\t\t<p>Delta Kimya, \u00e7evreye duyarl\u0131 \u00e7al\u0131\u015fmalar\u0131yla \u00f6ne \u00e7\u0131kan bir firmad\u0131r. Minimum at\u0131k prensibiyle hareket eden \u015firket, \u00e7evre dan\u0131\u015fmanl\u0131\u011f\u0131 alarak at\u0131k miktar\u0131n\u0131 \u00f6nemli \u00f6l\u00e7\u00fcde azaltm\u0131\u015ft\u0131r. Geri d\u00f6n\u00fc\u015f\u00fcm s\u00fcre\u00e7lerine b\u00fcy\u00fck \u00f6nem veren Delta Kimya, pil ve yaz\u0131c\u0131 tonerleri gibi malzemeleri ayr\u0131\u015ft\u0131rarak ilgili tesislere teslim etmektedir.<\/p><p>Do\u011faya katk\u0131 sa\u011flamay\u0131 ve karbon ayak izini azaltmay\u0131 hedefleyen Delta Kimya, \u00e7evresel s\u00fcrd\u00fcr\u00fclebilirlik alan\u0131nda \u00f6rnek bir duru\u015f sergileyerek daha ye\u015fil bir gelecek i\u00e7in \u00e7al\u0131\u015fmaktad\u0131r.<\/p>\t\t\t\t\t\t<\/div>\n\t\t\t\t<\/div>\n\t\t\t\t\t<\/div>\n\t\t<\/div>\n\t\t\t\t\t<\/div>\n\t\t<\/section>\n\t\t\t\t<section class=\"elementor-section elementor-top-section elementor-element elementor-element-f6b50b0 elementor-section-height-min-height elementor-section-items-stretch elementor-section-boxed elementor-section-height-default\" data-id=\"f6b50b0\" data-element_type=\"section\">\n\t\t\t\t\t\t<div class=\"elementor-container elementor-column-gap-wide\">\n\t\t\t\t\t<div class=\"elementor-column elementor-col-50 elementor-top-column elementor-element elementor-element-66426fd\" data-id=\"66426fd\" data-element_type=\"column\">\n\t\t\t<div class=\"elementor-widget-wrap elementor-element-populated\">\n\t\t\t\t\t\t<div class=\"elementor-element elementor-element-60611de elementor-widget elementor-widget-heading\" data-id=\"60611de\" data-element_type=\"widget\" data-widget_type=\"heading.default\">\n\t\t\t\t<div class=\"elementor-widget-container\">\n\t\t\t<h4 class=\"elementor-heading-title elementor-size-default\">DELTA <span style=\"font-family: var( --e-global-typography-el_title_2-font-family ), sans-serif; font-size: var( --e-global-typography-el_title_2-font-size ); letter-spacing: var( --e-global-typography-el_title_2-letter-spacing ); text-transform: var( --e-global-typography-el_title_2-text-transform ); word-spacing: var( --e-global-typography-el_title_2-word-spacing ); background-color: rgba(255, 255, 255, 0); color: rgb(172, 255, 58);\">GREEN<\/span><span style=\"color: var( --e-global-color-el_color_7 ); font-family: var( --e-global-typography-el_title_2-font-family ), sans-serif; font-size: var( --e-global-typography-el_title_2-font-size ); letter-spacing: var( --e-global-typography-el_title_2-letter-spacing ); text-transform: var( --e-global-typography-el_title_2-text-transform ); word-spacing: var( --e-global-typography-el_title_2-word-spacing ); background-color: rgba(255, 255, 255, 0);\"> <\/span><\/h4>\t\t<\/div>\n\t\t\t\t<\/div>\n\t\t\t\t\t<\/div>\n\t\t<\/div>\n\t\t\t\t<div class=\"elementor-column elementor-col-50 elementor-top-column elementor-element elementor-element-2130f44\" data-id=\"2130f44\" data-element_type=\"column\">\n\t\t\t<div class=\"elementor-widget-wrap elementor-element-populated\">\n\t\t\t\t\t\t<div class=\"elementor-element elementor-element-4f2d2f7 elementor-widget elementor-widget-text-editor\" data-id=\"4f2d2f7\" data-element_type=\"widget\" data-widget_type=\"text-editor.default\">\n\t\t\t\t<div class=\"elementor-widget-container\">\n\t\t\t\t\t\t\t<p><span style=\"color: #ffffff;\">\u00a0Delta Kimya A.\u015e. olarak 2019 y\u0131l\u0131ndan g\u00fcn\u00fcm\u00fcze Tema Vakf\u0131\u2019na a\u015fa\u011f\u0131da detaylar\u0131 verilmi\u015f fidan ba\u011f\u0131\u015flar\u0131 ger\u00e7ekle\u015ftirilmi\u015ftir. Fidan ba\u011f\u0131\u015flar\u0131 m\u00fc\u015fterilerimizin adlar\u0131na yap\u0131lm\u0131\u015ft\u0131r.<\/span><\/p>\t\t\t\t\t\t<\/div>\n\t\t\t\t<\/div>\n\t\t\t\t\t<\/div>\n\t\t<\/div>\n\t\t\t\t\t<\/div>\n\t\t<\/section>\n\t\t\t\t<section class=\"elementor-section elementor-top-section elementor-element elementor-element-3fc2880 elementor-section-height-min-height elementor-section-items-stretch elementor-section-boxed elementor-section-height-default\" data-id=\"3fc2880\" data-element_type=\"section\">\n\t\t\t\t\t\t<div class=\"elementor-container elementor-column-gap-wide\">\n\t\t\t\t\t<div class=\"elementor-column elementor-col-100 elementor-top-column elementor-element elementor-element-29dc418\" data-id=\"29dc418\" data-element_type=\"column\" data-settings=\"{&quot;background_background&quot;:&quot;classic&quot;}\">\n\t\t\t<div class=\"elementor-widget-wrap elementor-element-populated\">\n\t\t\t\t\t\t<div class=\"elementor-element elementor-element-c53929a elementor-widget elementor-widget-spacer\" data-id=\"c53929a\" data-element_type=\"widget\" data-widget_type=\"spacer.default\">\n\t\t\t\t<div class=\"elementor-widget-container\">\n\t\t\t\t\t<div class=\"elementor-spacer\">\n\t\t\t<div class=\"elementor-spacer-inner\"><\/div>\n\t\t<\/div>\n\t\t\t\t<\/div>\n\t\t\t\t<\/div>\n\t\t\t\t\t<\/div>\n\t\t<\/div>\n\t\t\t\t\t<\/div>\n\t\t<\/section>\n\t\t\t\t<section class=\"elementor-section elementor-top-section elementor-element elementor-element-5063c6f elementor-section-height-min-height elementor-section-items-stretch elementor-section-boxed elementor-section-height-default\" data-id=\"5063c6f\" data-element_type=\"section\">\n\t\t\t\t\t\t<div class=\"elementor-container elementor-column-gap-wide\">\n\t\t\t\t\t<div class=\"elementor-column elementor-col-100 elementor-top-column elementor-element elementor-element-a94887d\" data-id=\"a94887d\" data-element_type=\"column\">\n\t\t\t<div class=\"elementor-widget-wrap elementor-element-populated\">\n\t\t\t\t\t\t\t<\/div>\n\t\t<\/div>\n\t\t\t\t\t<\/div>\n\t\t<\/section>\n\t\t\t\t<\/div>","protected":false},"excerpt":{"rendered":"<p>Delta Kimya\u2019n\u0131n \u00c7evresel Duyarl\u0131l\u0131\u011f\u0131 ve S\u00fcrd\u00fcr\u00fclebilirlik Vizyonu Delta Kimya, \u00e7evreye duyarl\u0131 \u00e7al\u0131\u015fmalar\u0131yla \u00f6ne \u00e7\u0131kan bir firmad\u0131r. Minimum at\u0131k prensibiyle hareket eden \u015firket, \u00e7evre dan\u0131\u015fmanl\u0131\u011f\u0131 alarak at\u0131k miktar\u0131n\u0131 \u00f6nemli \u00f6l\u00e7\u00fcde azaltm\u0131\u015ft\u0131r. Geri d\u00f6n\u00fc\u015f\u00fcm s\u00fcre\u00e7lerine b\u00fcy\u00fck \u00f6nem veren Delta Kimya, pil ve yaz\u0131c\u0131 tonerleri gibi malzemeleri ayr\u0131\u015ft\u0131rarak ilgili tesislere teslim etmektedir. Do\u011faya katk\u0131 sa\u011flamay\u0131 ve karbon ayak&hellip;<\/p>","protected":false},"author":1,"featured_media":0,"parent":0,"menu_order":30,"comment_status":"closed","ping_status":"closed","template":"","meta":{"footnotes":""},"class_list":["post-88999","page","type-page","status-publish","hentry"],"rankMath":{"parentDomain":"deltakimya.com.tr","noFollowDomains":[],"noFollowExcludeDomains":[],"noFollowExternalLinks":true,"featuredImageNotice":"\u041f\u043e\u043a\u0430\u0437\u0430\u043d\u043d\u043e\u0435 \u0438\u0437\u043e\u0431\u0440\u0430\u0436\u0435\u043d\u0438\u0435 \u0434\u043e\u043b\u0436\u043d\u043e \u0431\u044b\u0442\u044c \u0440\u0430\u0437\u043c\u0435\u0440\u043e\u043c \u043d\u0435 \u043c\u0435\u043d\u0435\u0435 200 \u043d\u0430 200 \u043f\u0438\u043a\u0441\u0435\u043b\u0435\u0439, \u0447\u0442\u043e\u0431\u044b \u0435\u0433\u043e \u043c\u043e\u0433\u043b\u0438 \u0443\u0432\u0438\u0434\u0435\u0442\u044c Facebook \u0438 \u0434\u0440\u0443\u0433\u0438\u0435 \u0441\u0430\u0439\u0442\u044b \u0441\u043e\u0446\u0438\u0430\u043b\u044c\u043d\u044b\u0445 \u0441\u0435\u0442\u0435\u0439.","pluginReviewed":false,"postSettings":{"linkSuggestions":true,"useFocusKeyword":false},"frontEndScore":false,"postName":"delta-green","permalinkFormat":"https:\/\/deltakimya.com.tr\/ru\/%pagename%\/","showLockModifiedDate":true,"assessor":{"focusKeywordLink":"https:\/\/deltakimya.com.tr\/wp-admin\/edit.php?focus_keyword=%focus_keyword%&post_type=%post_type%","hasTOCPlugin":false,"primaryTaxonomy":false,"serpData":{"title":"","description":"","focusKeywords":"","pillarContent":false,"canonicalUrl":"","breadcrumbTitle":"","advancedRobots":{"max-snippet":"-1","max-video-preview":"-1","max-image-preview":"large"},"facebookTitle":"","facebookDescription":"","facebookImage":"","facebookImageID":"","facebookHasOverlay":false,"facebookImageOverlay":"","facebookAuthor":"","twitterCardType":"","twitterUseFacebook":true,"twitterTitle":"","twitterDescription":"","twitterImage":"","twitterImageID":"","twitterHasOverlay":false,"twitterImageOverlay":"","twitterPlayerUrl":"","twitterPlayerSize":"","twitterPlayerStream":"","twitterPlayerStreamCtype":"","twitterAppDescription":"","twitterAppIphoneName":"","twitterAppIphoneID":"","twitterAppIphoneUrl":"","twitterAppIpadName":"","twitterAppIpadID":"","twitterAppIpadUrl":"","twitterAppGoogleplayName":"","twitterAppGoogleplayID":"","twitterAppGoogleplayUrl":"","twitterAppCountry":"","robots":{"index":true},"twitterAuthor":"\u0438\u043c\u044f \u043f\u043e\u043b\u044c\u0437\u043e\u0432\u0430\u0442\u0435\u043b\u044f","primaryTerm":0,"authorName":"admin","titleTemplate":"%title% %sep% %sitename%","descriptionTemplate":"%excerpt%","showScoreFrontend":true,"lockModifiedDate":false},"powerWords":[],"diacritics":{"A":"[\\u0410\\u0430]","B":"[\\u0411\\u0431]","V":"[\\u0412\\u0432]","G":"[\\u0413\\u0433]","D":"[\\u0414\\u0434]","YE":"[\\u0415\\u0435]","YO":"[\\u0401\\u0451]","ZH":"[\\u0416\\u0436]","Z":"[\\u0417\\u0437]","EE":"[\\u0418\\u0438]","YI":"[\\u0419\\u0439]","K":"[\\u041A\\u043A]","L":"[\\u041B\\u043B]","M":"[\\u041C\\u043c]","P":"[\\u041F\\u043F]","T":"[\\u0422\\u0442]","U":"[\\u0423\\u0443]","F":"[\\u0424\\u0444]","H":"[\\u0425\\u0445]","TS":"[\\u0426\\u0446]","CH":"[\\u0427\\u0447]","SH":"[\\u0428\\u0448\\u0429\\u0449]","I":"[\\u042B\\u044B]","E":"[\\u042D\\u044D]","YU":"[\\u042E\\u044E]","YA":"[\\u042F\\u044F]","N":"[\\u041D\\u043D]"},"researchesTests":["contentHasTOC","contentHasShortParagraphs","contentHasAssets","keywordInTitle","keywordInMetaDescription","keywordInPermalink","keywordIn10Percent","keywordInContent","keywordInSubheadings","keywordInImageAlt","keywordDensity","keywordNotUsed","lengthContent","lengthPermalink","linksHasInternal","linksHasExternals","linksNotAllExternals","titleStartWithKeyword","titleSentiment","titleHasPowerWords","titleHasNumber","hasContentAI"],"hasRedirection":true,"hasBreadcrumb":true},"homeUrl":"https:\/\/deltakimya.com.tr\/ru","objectID":88999,"objectType":"post","locale":"ru","localeFull":"ru_RU","overlayImages":{"play":{"name":"Play \u0438\u043a\u043e\u043d\u043a\u0430","url":"https:\/\/deltakimya.com.tr\/wp-content\/plugins\/seo-by-rank-math\/assets\/admin\/img\/icon-play.png","path":"\/home\/u1555922\/public_html\/wp-content\/plugins\/seo-by-rank-math\/assets\/admin\/img\/icon-play.png","position":"middle_center"},"gif":{"name":"GIF \u0438\u043a\u043e\u043d\u043a\u0430","url":"https:\/\/deltakimya.com.tr\/wp-content\/plugins\/seo-by-rank-math\/assets\/admin\/img\/icon-gif.png","path":"\/home\/u1555922\/public_html\/wp-content\/plugins\/seo-by-rank-math\/assets\/admin\/img\/icon-gif.png","position":"middle_center"}},"defautOgImage":"http:\/\/ahmetozhan.online\/wp-content\/uploads\/2023\/11\/Delta_Kimya-1.png","customPermalinks":true,"isUserRegistered":true,"autoSuggestKeywords":true,"connectSiteUrl":"https:\/\/rankmath.com\/auth?site=https%3A%2F%2Fdeltakimya.com.tr%2Fru&r=https%3A%2F%2Fdeltakimya.com.tr%2Fru%2Fwp-json%2Fwp%2Fv2%2Fpages%2F88999%3Fnonce%3D35710e33fe","maxTags":5,"trendsIcon":"<svg viewBox=\"0 0 610 610\"><path d=\"M18.85,446,174.32,290.48l58.08,58.08L76.93,504a14.54,14.54,0,0,1-20.55,0L18.83,466.48a14.54,14.54,0,0,1,0-20.55Z\" style=\"fill:#4285f4\"\/><path d=\"M242.65,242.66,377.59,377.6l-47.75,47.75a14.54,14.54,0,0,1-20.55,0L174.37,290.43l47.75-47.75A14.52,14.52,0,0,1,242.65,242.66Z\" style=\"fill:#ea4335\"\/><polygon points=\"319.53 319.53 479.26 159.8 537.34 217.88 377.61 377.62 319.53 319.53\" style=\"fill:#fabb05\"\/><path d=\"M594.26,262.73V118.61h0a16.94,16.94,0,0,0-16.94-16.94H433.2a16.94,16.94,0,0,0-12,28.92L565.34,274.71h0a16.94,16.94,0,0,0,28.92-12Z\" style=\"fill:#34a853\"\/><rect width=\"610\" height=\"610\" style=\"fill:none\"\/><\/svg>","showScore":true,"siteFavIcon":"https:\/\/deltakimya.com.tr\/wp-content\/uploads\/2023\/11\/Delta_Kimya-1.png","canUser":{"general":false,"advanced":false,"snippet":false,"social":false,"analysis":false,"analytics":false,"content_ai":false},"isPro":false,"is_front_page":false,"trendsUpgradeLink":"https:\/\/rankmath.com\/pricing\/?utm_source=Plugin&utm_medium=CE%20General%20Tab%20Trends&utm_campaign=WP","trendsUpgradeLabel":"\u0410\u043f\u0433\u0440\u0435\u0439\u0434","trendsPreviewImage":"https:\/\/deltakimya.com.tr\/wp-content\/plugins\/seo-by-rank-math\/assets\/admin\/img\/trends-preview.jpg","currentEditor":false,"homepageData":{"assessor":{"powerWords":[],"diacritics":true,"researchesTests":["contentHasTOC","contentHasShortParagraphs","contentHasAssets","keywordInTitle","keywordInMetaDescription","keywordInPermalink","keywordIn10Percent","keywordInContent","keywordInSubheadings","keywordInImageAlt","keywordDensity","keywordNotUsed","lengthContent","lengthPermalink","linksHasInternal","linksHasExternals","linksNotAllExternals","titleStartWithKeyword","titleSentiment","titleHasPowerWords","titleHasNumber","hasContentAI"],"hasBreadcrumb":true,"serpData":{"title":"%sitename% %page% %sep% %sitedesc%","description":"","titleTemplate":"%sitename% %page% %sep% %sitedesc%","descriptionTemplate":"","focusKeywords":"","breadcrumbTitle":"Anasayfa","robots":{"index":true},"advancedRobots":{"max-snippet":"-1","max-video-preview":"-1","max-image-preview":"large"},"facebookTitle":"","facebookDescription":"","facebookImage":"","facebookImageID":""}}},"tocTitle":"Table of Contents","tocExcludeHeadings":[],"listStyle":"ul"},"jetpack_sharing_enabled":true,"_links":{"self":[{"href":"https:\/\/deltakimya.com.tr\/ru\/wp-json\/wp\/v2\/pages\/88999"}],"collection":[{"href":"https:\/\/deltakimya.com.tr\/ru\/wp-json\/wp\/v2\/pages"}],"about":[{"href":"https:\/\/deltakimya.com.tr\/ru\/wp-json\/wp\/v2\/types\/page"}],"author":[{"embeddable":true,"href":"https:\/\/deltakimya.com.tr\/ru\/wp-json\/wp\/v2\/users\/1"}],"replies":[{"embeddable":true,"href":"https:\/\/deltakimya.com.tr\/ru\/wp-json\/wp\/v2\/comments?post=88999"}],"version-history":[{"count":45,"href":"https:\/\/deltakimya.com.tr\/ru\/wp-json\/wp\/v2\/pages\/88999\/revisions"}],"predecessor-version":[{"id":89344,"href":"https:\/\/deltakimya.com.tr\/ru\/wp-json\/wp\/v2\/pages\/88999\/revisions\/89344"}],"wp:attachment":[{"href":"https:\/\/deltakimya.com.tr\/ru\/wp-json\/wp\/v2\/media?parent=88999"}],"curies":[{"name":"wp","href":"https:\/\/api.w.org\/{rel}","templated":true}]}}